{"id":11,"date":"2021-11-30T22:27:31","date_gmt":"2021-11-30T19:27:31","guid":{"rendered":"http:\/\/bmbed.com\/?page_id=11"},"modified":"2021-12-09T14:00:36","modified_gmt":"2021-12-09T11:00:36","slug":"about-us","status":"publish","type":"page","link":"https:\/\/www.bmbed.com\/tr\/about-us\/","title":{"rendered":"HAKKIMIZDA"},"content":{"rendered":"<p><a href=\"https:\/\/www.bmbed.com\/wp-content\/uploads\/2021\/12\/bina.jpg\" rel=\"attachment wp-att-160\"><img loading=\"lazy\" decoding=\"async\" class=\"alignleft wp-image-160 size-medium\" src=\"https:\/\/www.bmbed.com\/wp-content\/uploads\/2021\/12\/bina-300x288.jpg\" alt=\"\" width=\"300\" height=\"288\" srcset=\"https:\/\/www.bmbed.com\/wp-content\/uploads\/2021\/12\/bina-300x288.jpg 300w, https:\/\/www.bmbed.com\/wp-content\/uploads\/2021\/12\/bina.jpg 600w\" sizes=\"auto, (max-width: 300px) 100vw, 300px\" \/><\/a>15 y\u0131ll\u0131k i\u015f tecr\u00fcbemiz sonucunda sekt\u00f6rdeki bo\u015flu\u011fu doldurmak amac\u0131yla 2015 y\u0131l\u0131nda yenilik\u00e7i ve m\u00fc\u015fteri odakl\u0131 \u00e7al\u0131\u015fma anlay\u0131\u015f\u0131yla kurulduk. Bursa Osmangazi b\u00f6lgesinde hizmet vermekteyiz. 4000 m2 kapal\u0131 alan\u0131m\u0131zda hizmet vermekteyiz. Yatak konsepti olarak \u00f6zel yatak \u00fcretimine odakland\u0131k. Bu s\u00fcre\u00e7te binlerce yatak \u00fcretildi. M\u00fc\u015fteri memnuniyeti esas al\u0131narak kaliteden taviz verilmedi. \u0130nsanlar\u0131n g\u00fcn\u00fcn ortalama 8 saatini ge\u00e7irdi\u011fi yataklarda, sa\u011fl\u0131\u011fa zarar\u0131 olmayan organik yataklar \u00f6zel bir sistemle \u00fcretiliyor. Amac\u0131m\u0131z \u00f6zel yatak konusunda daha fazla ihracat yaparak, yurt d\u0131\u015f\u0131nda ad\u0131m\u0131z\u0131n duyulmas\u0131n\u0131 sa\u011flayarak kal\u0131c\u0131 olmakt\u0131r. Bursa merkezli firmam\u0131zda \u00fcretim devam etmektedir.<\/p>\n<p>Misyon<\/p>\n<p>BED MORE, Yatak ve Mobilya \u0130malat Sanayi alan\u0131nda m\u00fc\u015fterilerinin beklentilerini tam olarak kar\u015f\u0131layan, k\u00fcresel rekabette onlara yard\u0131mc\u0131 olan, s\u00fcrekli geli\u015fim felsefesine inanan, dinamik, y\u00fcksek kalite standartlar\u0131na sahip, m\u00fc\u015fteri memnuniyetini \u00f6n planda tutan bir tedarik\u00e7idir. \u00e7al\u0131\u015fanlar\u0131n\u0131 en \u00fcst d\u00fczeyde tutan, tedarik\u00e7ilerine i\u015f orta\u011f\u0131 gibi yakla\u015fan, M\u00fc\u015fterilerine, \u00e7al\u0131\u015fanlar\u0131na, i\u015f ortaklar\u0131na ve kamuoyuna, kaynaklar\u0131n\u0131 en verimli \u015fekilde kullanan, g\u00fcvenilir ve d\u00fcr\u00fcst bir i\u015fletme olarak faaliyetlerini s\u00fcrd\u00fcrmeyi taahh\u00fct eder, i\u015f eti\u011fine sayg\u0131l\u0131d\u0131r. ve etik kurallar\u0131n \u00f6tesinde, do\u011fal \u00e7evreye duyarl\u0131, g\u00fcvenilir ve d\u00fcr\u00fcstt\u00fcr.<\/p>\n<p>Vizyon<\/p>\n<p>BED MORE, sekt\u00f6r\u00fcnde d\u00fcnya \u00e7ap\u0131nda lider firmalardan biri, Yatak ve Mobilya imalat\u0131 sekt\u00f6r\u00fcnde tasar\u0131m ve \u00e7\u00f6z\u00fcm orta\u011f\u0131, k\u00fcresel rekabette onlara yard\u0131mc\u0131 olan bir tedarik\u00e7i, \u00e7al\u0131\u015fanlar\u0131n\u0131n \u00fcyesi olmaktan gurur duydu\u011fu k\u00fcresel bir kurulu\u015f olmakt\u0131r. , do\u011fal \u00e7evre ile uyumlu ve dolayl\u0131 olarak nihai m\u00fc\u015fterinin mutlulu\u011funa katk\u0131da bulunur. .<\/p>","protected":false},"excerpt":{"rendered":"<p>We were established in 2015 with an innovative and customer-oriented working approach to fill the gap in the sector as a result of 15 years of working experience. We serve in Bursa Osmangazi region. We serve in our 4000 m2 closed area. As a mattress concept, we focused on the [&hellip;]<\/p>","protected":false},"author":1,"featured_media":285,"parent":0,"menu_order":0,"comment_status":"closed","ping_status":"closed","template":"","meta":{"footnotes":""},"class_list":["post-11","page","type-page","status-publish","has-post-thumbnail","hentry"],"_links":{"self":[{"href":"https:\/\/www.bmbed.com\/tr\/wp-json\/wp\/v2\/pages\/11","targetHints":{"allow":["GET"]}}],"collection":[{"href":"https:\/\/www.bmbed.com\/tr\/wp-json\/wp\/v2\/pages"}],"about":[{"href":"https:\/\/www.bmbed.com\/tr\/wp-json\/wp\/v2\/types\/page"}],"author":[{"embeddable":true,"href":"https:\/\/www.bmbed.com\/tr\/wp-json\/wp\/v2\/users\/1"}],"replies":[{"embeddable":true,"href":"https:\/\/www.bmbed.com\/tr\/wp-json\/wp\/v2\/comments?post=11"}],"version-history":[{"count":9,"href":"https:\/\/www.bmbed.com\/tr\/wp-json\/wp\/v2\/pages\/11\/revisions"}],"predecessor-version":[{"id":321,"href":"https:\/\/www.bmbed.com\/tr\/wp-json\/wp\/v2\/pages\/11\/revisions\/321"}],"wp:featuredmedia":[{"embeddable":true,"href":"https:\/\/www.bmbed.com\/tr\/wp-json\/wp\/v2\/media\/285"}],"wp:attachment":[{"href":"https:\/\/www.bmbed.com\/tr\/wp-json\/wp\/v2\/media?parent=11"}],"curies":[{"name":"wp","href":"https:\/\/api.w.org\/{rel}","templated":true}]}}