{"id":172,"date":"2021-12-03T15:07:54","date_gmt":"2021-12-03T12:07:54","guid":{"rendered":"http:\/\/bmbed.com\/?page_id=172"},"modified":"2021-12-06T10:34:10","modified_gmt":"2021-12-06T07:34:10","slug":"bed-more","status":"publish","type":"page","link":"https:\/\/www.bmbed.com\/tr\/bed-more\/","title":{"rendered":"BED &#038; MORE"},"content":{"rendered":"<p>Dinlenebilmek i\u00e7in iyi bir uyku, iyi bir uyku i\u00e7in iyi bir yatak, iyi bir yatak i\u00e7in BED &amp; MORE<\/p>","protected":false},"excerpt":{"rendered":"<p>Dinlenebilmek i\u00e7in iyi bir uyku, iyi bir uyku i\u00e7in iyi bir yatak, iyi bir yatak i\u00e7in BED &amp; MORE<\/p>","protected":false},"author":1,"featured_media":284,"parent":0,"menu_order":0,"comment_status":"closed","ping_status":"closed","template":"","meta":{"footnotes":""},"class_list":["post-172","page","type-page","status-publish","has-post-thumbnail","hentry"],"_links":{"self":[{"href":"https:\/\/www.bmbed.com\/tr\/wp-json\/wp\/v2\/pages\/172","targetHints":{"allow":["GET"]}}],"collection":[{"href":"https:\/\/www.bmbed.com\/tr\/wp-json\/wp\/v2\/pages"}],"about":[{"href":"https:\/\/www.bmbed.com\/tr\/wp-json\/wp\/v2\/types\/page"}],"author":[{"embeddable":true,"href":"https:\/\/www.bmbed.com\/tr\/wp-json\/wp\/v2\/users\/1"}],"replies":[{"embeddable":true,"href":"https:\/\/www.bmbed.com\/tr\/wp-json\/wp\/v2\/comments?post=172"}],"version-history":[{"count":3,"href":"https:\/\/www.bmbed.com\/tr\/wp-json\/wp\/v2\/pages\/172\/revisions"}],"predecessor-version":[{"id":305,"href":"https:\/\/www.bmbed.com\/tr\/wp-json\/wp\/v2\/pages\/172\/revisions\/305"}],"wp:featuredmedia":[{"embeddable":true,"href":"https:\/\/www.bmbed.com\/tr\/wp-json\/wp\/v2\/media\/284"}],"wp:attachment":[{"href":"https:\/\/www.bmbed.com\/tr\/wp-json\/wp\/v2\/media?parent=172"}],"curies":[{"name":"wp","href":"https:\/\/api.w.org\/{rel}","templated":true}]}}